{"id":30988,"date":"2025-11-28T11:37:18","date_gmt":"2025-11-28T11:37:18","guid":{"rendered":"https:\/\/www.tibispa.it\/?post_type=product&#038;p=30988"},"modified":"2026-03-20T15:47:50","modified_gmt":"2026-03-20T15:47:50","slug":"lillolio-olio-evo-di-categoria-superiore-3-lt","status":"publish","type":"product","link":"https:\/\/www.tibispa.it\/en\/negozio\/lillolio-olio-evo-di-categoria-superiore-3-lt\/","title":{"rendered":"LILL&#8217;OLIO &#8211; Olio EVO di categoria superiore 3 lt"},"content":{"rendered":"<div class=\"flex-shrink-0 flex flex-col relative items-end\">\n<div>\n<div class=\"pt-0.5\">\n<div class=\"gizmo-shadow-stroke flex h-6 w-6 items-center justify-center overflow-hidden rounded-full\"><\/div>\n<\/div>\n<\/div>\n<\/div>\n<div class=\"relative flex w-full flex-col agent-turn\">\n<div class=\"flex-col gap-1 md:gap-3\">\n<div class=\"flex flex-grow flex-col max-w-full\">\n<div class=\"min-h-[20px] text-message flex flex-col items-start gap-3 whitespace-pre-wrap break-words [.text-message+&amp;]:mt-5 overflow-x-auto\" data-message-author-role=\"assistant\" data-message-id=\"0dac1f52-16f7-4c87-b0ad-5bb6d77da370\">\n<div class=\"markdown prose w-full break-words dark:prose-invert light\">\n<p><strong>Olio Extra Vergine di Oliva LILL&#8217;OLIO: un tesoro mediterraneo per il Benessere Totale<br \/>\n<\/strong>Esplora l&#8217;autenticit\u00e0 dell&#8217;Olio Extra Vergine di Oliva LILL&#8217;OLIO, un capolavoro mediterraneo che va oltre il condimento tradizionale. Con estrazione a freddo e provenienza al 100% da oliveti italiani, questo olio di categoria superiore \u00e8 un&#8217;esperienza culinaria e di bellezza unica, \u00e8 un inno alla purezza e all&#8217;eccellenza. Prodotto esclusivamente da procedimenti meccanici, \u00e8 un olio che mantiene intatte le caratteristiche delle olive.<\/p>\n<div class=\"relative flex w-full flex-col agent-turn\">\n<div class=\"flex-col gap-1 md:gap-3\">\n<div class=\"flex flex-grow flex-col max-w-full\">\n<div class=\"min-h-[20px] text-message flex flex-col items-start gap-3 whitespace-pre-wrap break-words [.text-message+&amp;]:mt-5 overflow-x-auto\" data-message-author-role=\"assistant\" data-message-id=\"0dac1f52-16f7-4c87-b0ad-5bb6d77da370\">\n<div class=\"markdown prose w-full break-words dark:prose-invert light\">\n<p><strong>Versatilit\u00e0 Estetica<br \/>\n<\/strong>Questo olio va oltre la cucina, rivelando propriet\u00e0 benefiche per la pelle. La sua formula ricca di antiossidanti e acidi grassi essenziali lo rende un compagno ideale per trattamenti estetici. La sua consistenza setosa idrata la pelle in profondit\u00e0, conferendole un aspetto radiante e morbido.<\/p>\n<p><strong>L&#8217;Esperienza TIBI<br \/>\n<\/strong>Nella nostra Spa, l&#8217;Olio Extra Vergine di Oliva LILL&#8217;OLIO \u00e8 protagonista nei trattamenti, unendo la tradizione mediterranea alla ricerca moderna del benessere. I nostri esperti utilizzano con orgoglio questo olio prezioso, regalando un&#8217;esperienza sensoriale unica. Puoi sperimentare il lusso di trattamenti che nutrono corpo e spirito, unendo la qualit\u00e0 del nostro olio alla maestria delle tecniche raffinate. Oppure puoi acquistarlo e riceverlo a casa per immergerti in un viaggio sensoriale unico e completo.<\/p>\n<\/div>\n<\/div>\n<\/div>\n<\/div>\n<\/div>\n<p>&nbsp;<\/p>\n<\/div>\n<\/div>\n<\/div>\n<\/div>\n<\/div>\n<p>&nbsp;<\/p>\n","protected":false},"excerpt":{"rendered":"<p>Con l&#8217;Olio Extra Vergine di Oliva LILL&#8217;OLIO, ti invitiamo a scoprire il segreto per una vita sana e luminosa, un viaggio che inizia dalla tavola e si estende alla tua routine di bellezza quotidiana. Preparati a vivere il benessere in ogni goccia, ad ogni applicazione e in ogni momento presso TIBI o a casa tua.<\/p>\n<p>&nbsp;<\/p>\n<p>&nbsp;<\/p>\n","protected":false},"featured_media":30933,"template":"","meta":[],"product_brand":[],"product_cat":[218],"product_tag":[],"class_list":{"0":"post-30988","1":"product","2":"type-product","3":"status-publish","4":"has-post-thumbnail","6":"product_cat-linea-tibi-legno","8":"first","9":"instock","10":"taxable","11":"shipping-taxable","12":"purchasable","13":"product-type-simple"},"yoast_head":"<!-- This site is optimized with the Yoast SEO plugin v27.5 - https:\/\/yoast.com\/product\/yoast-seo-wordpress\/ -->\n<title>LILL&#039;OLIO - Olio EVO di categoria superiore 3 lt - Tibi Spa Shop<\/title>\n<meta name=\"description\" content=\"Acquista LILL&#039;OLIO - Olio EVO di categoria superiore 3 lt su Tibi Spa Shop\" \/>\n<meta name=\"robots\" content=\"index, follow, max-snippet:-1, max-image-preview:large, max-video-preview:-1\" \/>\n<link rel=\"canonical\" href=\"https:\/\/www.tibispa.it\/negozio\/lillolio-olio-evo-di-categoria-superiore-3-lt\/\" \/>\n<meta property=\"og:locale\" content=\"en_US\" \/>\n<meta property=\"og:type\" content=\"article\" \/>\n<meta property=\"og:title\" content=\"LILL&#039;OLIO - Olio EVO di categoria superiore 3 lt - Tibi Spa Shop\" \/>\n<meta property=\"og:description\" content=\"Acquista LILL&#039;OLIO - Olio EVO di categoria superiore 3 lt su Tibi Spa Shop\" \/>\n<meta property=\"og:url\" content=\"https:\/\/www.tibispa.it\/negozio\/lillolio-olio-evo-di-categoria-superiore-3-lt\/\" \/>\n<meta property=\"og:site_name\" content=\"Tibi Spa Shop\" \/>\n<meta property=\"article:publisher\" content=\"https:\/\/www.facebook.com\/TermediRoma\/\" \/>\n<meta property=\"article:modified_time\" content=\"2026-03-20T15:47:50+00:00\" \/>\n<meta property=\"og:image\" content=\"https:\/\/www.tibispa.it\/wp-content\/uploads\/2024\/12\/1600x1600_3l.jpg\" \/>\n\t<meta property=\"og:image:width\" content=\"1600\" \/>\n\t<meta property=\"og:image:height\" content=\"1600\" \/>\n\t<meta property=\"og:image:type\" content=\"image\/jpeg\" \/>\n<meta name=\"twitter:card\" content=\"summary_large_image\" \/>\n<meta name=\"twitter:site\" content=\"@TermediRoma\" \/>\n<meta name=\"twitter:label1\" content=\"Est. reading time\" \/>\n\t<meta name=\"twitter:data1\" content=\"2 minutes\" \/>\n<script type=\"application\/ld+json\" class=\"yoast-schema-graph\">{\"@context\":\"https:\\\/\\\/schema.org\",\"@graph\":[{\"@type\":\"WebPage\",\"@id\":\"https:\\\/\\\/www.tibispa.it\\\/negozio\\\/lillolio-olio-evo-di-categoria-superiore-3-lt\\\/\",\"url\":\"https:\\\/\\\/www.tibispa.it\\\/negozio\\\/lillolio-olio-evo-di-categoria-superiore-3-lt\\\/\",\"name\":\"LILL'OLIO - Olio EVO di categoria superiore 3 lt - Tibi Spa Shop\",\"isPartOf\":{\"@id\":\"https:\\\/\\\/www.tibispa.it\\\/#website\"},\"primaryImageOfPage\":{\"@id\":\"https:\\\/\\\/www.tibispa.it\\\/negozio\\\/lillolio-olio-evo-di-categoria-superiore-3-lt\\\/#primaryimage\"},\"image\":{\"@id\":\"https:\\\/\\\/www.tibispa.it\\\/negozio\\\/lillolio-olio-evo-di-categoria-superiore-3-lt\\\/#primaryimage\"},\"thumbnailUrl\":\"https:\\\/\\\/www.tibispa.it\\\/wp-content\\\/uploads\\\/2024\\\/12\\\/1600x1600_3l.jpg\",\"datePublished\":\"2025-11-28T11:37:18+00:00\",\"dateModified\":\"2026-03-20T15:47:50+00:00\",\"description\":\"Acquista LILL'OLIO - Olio EVO di categoria superiore 3 lt su Tibi Spa Shop\",\"breadcrumb\":{\"@id\":\"https:\\\/\\\/www.tibispa.it\\\/negozio\\\/lillolio-olio-evo-di-categoria-superiore-3-lt\\\/#breadcrumb\"},\"inLanguage\":\"en-US\",\"potentialAction\":[{\"@type\":\"ReadAction\",\"target\":[\"https:\\\/\\\/www.tibispa.it\\\/negozio\\\/lillolio-olio-evo-di-categoria-superiore-3-lt\\\/\"]}]},{\"@type\":\"ImageObject\",\"inLanguage\":\"en-US\",\"@id\":\"https:\\\/\\\/www.tibispa.it\\\/negozio\\\/lillolio-olio-evo-di-categoria-superiore-3-lt\\\/#primaryimage\",\"url\":\"https:\\\/\\\/www.tibispa.it\\\/wp-content\\\/uploads\\\/2024\\\/12\\\/1600x1600_3l.jpg\",\"contentUrl\":\"https:\\\/\\\/www.tibispa.it\\\/wp-content\\\/uploads\\\/2024\\\/12\\\/1600x1600_3l.jpg\",\"width\":1600,\"height\":1600,\"caption\":\"Latta olio_3l\"},{\"@type\":\"BreadcrumbList\",\"@id\":\"https:\\\/\\\/www.tibispa.it\\\/negozio\\\/lillolio-olio-evo-di-categoria-superiore-3-lt\\\/#breadcrumb\",\"itemListElement\":[{\"@type\":\"ListItem\",\"position\":1,\"name\":\"Home\",\"item\":\"https:\\\/\\\/www.tibispa.it\\\/en\\\/\"},{\"@type\":\"ListItem\",\"position\":2,\"name\":\"Negozio\",\"item\":\"https:\\\/\\\/www.tibispa.it\\\/negozio\\\/\"},{\"@type\":\"ListItem\",\"position\":3,\"name\":\"Linea Cosmetica\",\"item\":\"https:\\\/\\\/www.tibispa.it\\\/categoria-prodotto\\\/linea-cosmetica\\\/\"},{\"@type\":\"ListItem\",\"position\":4,\"name\":\"Linea Tibi Legno\",\"item\":\"https:\\\/\\\/www.tibispa.it\\\/categoria-prodotto\\\/linea-cosmetica\\\/linea-tibi-legno\\\/\"},{\"@type\":\"ListItem\",\"position\":5,\"name\":\"LILL&#8217;OLIO &#8211; Olio EVO di categoria superiore 3 lt\"}]},{\"@type\":\"WebSite\",\"@id\":\"https:\\\/\\\/www.tibispa.it\\\/#website\",\"url\":\"https:\\\/\\\/www.tibispa.it\\\/\",\"name\":\"Tibi Spa Shop\",\"description\":\"Negozio Tibi Spa\",\"publisher\":{\"@id\":\"https:\\\/\\\/www.tibispa.it\\\/#organization\"},\"potentialAction\":[{\"@type\":\"SearchAction\",\"target\":{\"@type\":\"EntryPoint\",\"urlTemplate\":\"https:\\\/\\\/www.tibispa.it\\\/?s={search_term_string}\"},\"query-input\":{\"@type\":\"PropertyValueSpecification\",\"valueRequired\":true,\"valueName\":\"search_term_string\"}}],\"inLanguage\":\"en-US\"},{\"@type\":\"Organization\",\"@id\":\"https:\\\/\\\/www.tibispa.it\\\/#organization\",\"name\":\"Tibi SpA\",\"url\":\"https:\\\/\\\/www.tibispa.it\\\/\",\"logo\":{\"@type\":\"ImageObject\",\"inLanguage\":\"en-US\",\"@id\":\"https:\\\/\\\/www.tibispa.it\\\/#\\\/schema\\\/logo\\\/image\\\/\",\"url\":\"http:\\\/\\\/shop.tibispa.it\\\/wp-content\\\/uploads\\\/2022\\\/07\\\/036-scaled.jpg\",\"contentUrl\":\"http:\\\/\\\/shop.tibispa.it\\\/wp-content\\\/uploads\\\/2022\\\/07\\\/036-scaled.jpg\",\"width\":2560,\"height\":1707,\"caption\":\"Tibi SpA\"},\"image\":{\"@id\":\"https:\\\/\\\/www.tibispa.it\\\/#\\\/schema\\\/logo\\\/image\\\/\"},\"sameAs\":[\"https:\\\/\\\/www.facebook.com\\\/TermediRoma\\\/\",\"https:\\\/\\\/x.com\\\/TermediRoma\",\"https:\\\/\\\/www.instagram.com\\\/termediroma_acquealbule\\\/\"]}]}<\/script>\n<!-- \/ Yoast SEO plugin. -->","yoast_head_json":{"title":"LILL'OLIO - Olio EVO di categoria superiore 3 lt - Tibi Spa Shop","description":"Acquista LILL'OLIO - Olio EVO di categoria superiore 3 lt su Tibi Spa Shop","robots":{"index":"index","follow":"follow","max-snippet":"max-snippet:-1","max-image-preview":"max-image-preview:large","max-video-preview":"max-video-preview:-1"},"canonical":"https:\/\/www.tibispa.it\/negozio\/lillolio-olio-evo-di-categoria-superiore-3-lt\/","og_locale":"en_US","og_type":"article","og_title":"LILL'OLIO - Olio EVO di categoria superiore 3 lt - Tibi Spa Shop","og_description":"Acquista LILL'OLIO - Olio EVO di categoria superiore 3 lt su Tibi Spa Shop","og_url":"https:\/\/www.tibispa.it\/negozio\/lillolio-olio-evo-di-categoria-superiore-3-lt\/","og_site_name":"Tibi Spa Shop","article_publisher":"https:\/\/www.facebook.com\/TermediRoma\/","article_modified_time":"2026-03-20T15:47:50+00:00","og_image":[{"width":1600,"height":1600,"url":"https:\/\/www.tibispa.it\/wp-content\/uploads\/2024\/12\/1600x1600_3l.jpg","type":"image\/jpeg"}],"twitter_card":"summary_large_image","twitter_site":"@TermediRoma","twitter_misc":{"Est. reading time":"2 minutes"},"schema":{"@context":"https:\/\/schema.org","@graph":[{"@type":"WebPage","@id":"https:\/\/www.tibispa.it\/negozio\/lillolio-olio-evo-di-categoria-superiore-3-lt\/","url":"https:\/\/www.tibispa.it\/negozio\/lillolio-olio-evo-di-categoria-superiore-3-lt\/","name":"LILL'OLIO - Olio EVO di categoria superiore 3 lt - Tibi Spa Shop","isPartOf":{"@id":"https:\/\/www.tibispa.it\/#website"},"primaryImageOfPage":{"@id":"https:\/\/www.tibispa.it\/negozio\/lillolio-olio-evo-di-categoria-superiore-3-lt\/#primaryimage"},"image":{"@id":"https:\/\/www.tibispa.it\/negozio\/lillolio-olio-evo-di-categoria-superiore-3-lt\/#primaryimage"},"thumbnailUrl":"https:\/\/www.tibispa.it\/wp-content\/uploads\/2024\/12\/1600x1600_3l.jpg","datePublished":"2025-11-28T11:37:18+00:00","dateModified":"2026-03-20T15:47:50+00:00","description":"Acquista LILL'OLIO - Olio EVO di categoria superiore 3 lt su Tibi Spa Shop","breadcrumb":{"@id":"https:\/\/www.tibispa.it\/negozio\/lillolio-olio-evo-di-categoria-superiore-3-lt\/#breadcrumb"},"inLanguage":"en-US","potentialAction":[{"@type":"ReadAction","target":["https:\/\/www.tibispa.it\/negozio\/lillolio-olio-evo-di-categoria-superiore-3-lt\/"]}]},{"@type":"ImageObject","inLanguage":"en-US","@id":"https:\/\/www.tibispa.it\/negozio\/lillolio-olio-evo-di-categoria-superiore-3-lt\/#primaryimage","url":"https:\/\/www.tibispa.it\/wp-content\/uploads\/2024\/12\/1600x1600_3l.jpg","contentUrl":"https:\/\/www.tibispa.it\/wp-content\/uploads\/2024\/12\/1600x1600_3l.jpg","width":1600,"height":1600,"caption":"Latta olio_3l"},{"@type":"BreadcrumbList","@id":"https:\/\/www.tibispa.it\/negozio\/lillolio-olio-evo-di-categoria-superiore-3-lt\/#breadcrumb","itemListElement":[{"@type":"ListItem","position":1,"name":"Home","item":"https:\/\/www.tibispa.it\/en\/"},{"@type":"ListItem","position":2,"name":"Negozio","item":"https:\/\/www.tibispa.it\/negozio\/"},{"@type":"ListItem","position":3,"name":"Linea Cosmetica","item":"https:\/\/www.tibispa.it\/categoria-prodotto\/linea-cosmetica\/"},{"@type":"ListItem","position":4,"name":"Linea Tibi Legno","item":"https:\/\/www.tibispa.it\/categoria-prodotto\/linea-cosmetica\/linea-tibi-legno\/"},{"@type":"ListItem","position":5,"name":"LILL&#8217;OLIO &#8211; Olio EVO di categoria superiore 3 lt"}]},{"@type":"WebSite","@id":"https:\/\/www.tibispa.it\/#website","url":"https:\/\/www.tibispa.it\/","name":"Tibi Spa Shop","description":"Negozio Tibi Spa","publisher":{"@id":"https:\/\/www.tibispa.it\/#organization"},"potentialAction":[{"@type":"SearchAction","target":{"@type":"EntryPoint","urlTemplate":"https:\/\/www.tibispa.it\/?s={search_term_string}"},"query-input":{"@type":"PropertyValueSpecification","valueRequired":true,"valueName":"search_term_string"}}],"inLanguage":"en-US"},{"@type":"Organization","@id":"https:\/\/www.tibispa.it\/#organization","name":"Tibi SpA","url":"https:\/\/www.tibispa.it\/","logo":{"@type":"ImageObject","inLanguage":"en-US","@id":"https:\/\/www.tibispa.it\/#\/schema\/logo\/image\/","url":"http:\/\/shop.tibispa.it\/wp-content\/uploads\/2022\/07\/036-scaled.jpg","contentUrl":"http:\/\/shop.tibispa.it\/wp-content\/uploads\/2022\/07\/036-scaled.jpg","width":2560,"height":1707,"caption":"Tibi SpA"},"image":{"@id":"https:\/\/www.tibispa.it\/#\/schema\/logo\/image\/"},"sameAs":["https:\/\/www.facebook.com\/TermediRoma\/","https:\/\/x.com\/TermediRoma","https:\/\/www.instagram.com\/termediroma_acquealbule\/"]}]}},"_links":{"self":[{"href":"https:\/\/www.tibispa.it\/en\/wp-json\/wp\/v2\/product\/30988","targetHints":{"allow":["GET"]}}],"collection":[{"href":"https:\/\/www.tibispa.it\/en\/wp-json\/wp\/v2\/product"}],"about":[{"href":"https:\/\/www.tibispa.it\/en\/wp-json\/wp\/v2\/types\/product"}],"wp:featuredmedia":[{"embeddable":true,"href":"https:\/\/www.tibispa.it\/en\/wp-json\/wp\/v2\/media\/30933"}],"wp:attachment":[{"href":"https:\/\/www.tibispa.it\/en\/wp-json\/wp\/v2\/media?parent=30988"}],"wp:term":[{"taxonomy":"product_brand","embeddable":true,"href":"https:\/\/www.tibispa.it\/en\/wp-json\/wp\/v2\/product_brand?post=30988"},{"taxonomy":"product_cat","embeddable":true,"href":"https:\/\/www.tibispa.it\/en\/wp-json\/wp\/v2\/product_cat?post=30988"},{"taxonomy":"product_tag","embeddable":true,"href":"https:\/\/www.tibispa.it\/en\/wp-json\/wp\/v2\/product_tag?post=30988"}],"curies":[{"name":"wp","href":"https:\/\/api.w.org\/{rel}","templated":true}]}}